{"id":35375,"date":"2023-03-07T14:15:47","date_gmt":"2023-03-07T12:15:47","guid":{"rendered":"https:\/\/eastforest.ee\/contact\/"},"modified":"2026-03-09T19:40:28","modified_gmt":"2026-03-09T17:40:28","slug":"contact","status":"publish","type":"page","link":"https:\/\/eastforest.ee\/en\/contact\/","title":{"rendered":"Contact"},"content":{"rendered":"\t\t<div data-elementor-type=\"wp-page\" data-elementor-id=\"35375\" class=\"elementor elementor-35375 elementor-29527\">\n\t\t\t\t\t\t<section class=\"elementor-section elementor-top-section elementor-element elementor-element-792bff88 elementor-section-boxed elementor-section-height-default elementor-section-height-default sc_fly_static\" data-id=\"792bff88\" data-element_type=\"section\" data-e-type=\"section\">\n\t\t\t\t\t\t<div class=\"elementor-container elementor-column-gap-extended\">\n\t\t\t\t\t<div class=\"elementor-column elementor-col-100 elementor-top-column elementor-element elementor-element-34a051e sc_content_align_inherit sc_layouts_column_icons_position_left sc_fly_static\" data-id=\"34a051e\" data-element_type=\"column\" data-e-type=\"column\">\n\t\t\t<div class=\"elementor-widget-wrap elementor-element-populated\">\n\t\t\t\t\t\t<section class=\"elementor-section elementor-inner-section elementor-element elementor-element-7dcb41de elementor-section-boxed elementor-section-height-default elementor-section-height-default sc_fly_static\" data-id=\"7dcb41de\" data-element_type=\"section\" data-e-type=\"section\">\n\t\t\t\t\t\t<div class=\"elementor-container elementor-column-gap-no\">\n\t\t\t\t\t<div class=\"elementor-column elementor-col-50 elementor-inner-column elementor-element elementor-element-1d4f030 sc_content_align_inherit sc_layouts_column_icons_position_left sc_fly_static\" data-id=\"1d4f030\" data-element_type=\"column\" data-e-type=\"column\">\n\t\t\t<div class=\"elementor-widget-wrap elementor-element-populated\">\n\t\t\t\t\t\t<div class=\"elementor-element elementor-element-e5e768c sc_fly_static elementor-widget elementor-widget-trx_sc_title\" data-id=\"e5e768c\" data-element_type=\"widget\" data-e-type=\"widget\" data-widget_type=\"trx_sc_title.default\">\n\t\t\t\t<div class=\"elementor-widget-container\">\n\t\t\t\t\t<div\t\tclass=\"sc_title sc_title_default\" ><span class=\"sc_item_subtitle sc_title_subtitle sc_item_subtitle_above sc_item_title_style_default\">Contact us<\/span><h1 class=\"sc_item_title sc_title_title sc_item_title_style_default sc_item_title_tag\"\n\t\t\t><span class=\"sc_item_title_text\">Write to us!<\/span><\/h1><\/div>\t\t\t\t<\/div>\n\t\t\t\t<\/div>\n\t\t\t\t<div class=\"elementor-element elementor-element-4df0b23d sc_fly_static elementor-widget elementor-widget-spacer\" data-id=\"4df0b23d\" data-element_type=\"widget\" data-e-type=\"widget\" data-widget_type=\"spacer.default\">\n\t\t\t\t<div class=\"elementor-widget-container\">\n\t\t\t\t\t\t\t<div class=\"elementor-spacer\">\n\t\t\t<div class=\"elementor-spacer-inner\"><\/div>\n\t\t<\/div>\n\t\t\t\t\t\t<\/div>\n\t\t\t\t<\/div>\n\t\t\t\t<div class=\"elementor-element elementor-element-1220e734 sc_fly_static elementor-widget elementor-widget-trx_sc_icons\" data-id=\"1220e734\" data-element_type=\"widget\" data-e-type=\"widget\" data-widget_type=\"trx_sc_icons.default\">\n\t\t\t\t<div class=\"elementor-widget-container\">\n\t\t\t\t\t<div \tclass=\"sc_icons sc_icons_simple sc_icons_size_small sc_align_none\" ><div class=\"sc_icons_item with_more\"><div class=\"sc_icons_icon sc_icon_type_ icon-marker\" ><span class=\"sc_icon_type_ icon-marker\"><\/span><\/div><div class=\"sc_icons_item_details\"><div class=\"sc_icons_item_description\"><span>Remondi, M\u00e4etaguse alevik, Alutaguse vald,<br> Ida-Viru maakond 41301<\/span><\/div><\/div><\/div><div class=\"sc_icons_item sc_icons_item_linked with_more\"><div class=\"sc_icons_icon sc_icon_type_ icon-iphone\" ><span class=\"sc_icon_type_ icon-iphone\"><\/span><\/div><div class=\"sc_icons_item_details\"><a href=\"tel:+3725112813\" class=\"sc_icons_item_more_link\">\n                        <span class=\"link_text\">+372 51 128 13<\/span><span class=\"link_icon\"><\/span>\n                        <\/a><a href=\"tel:+3725112813\"\n                        class=\"sc_icons_item_link\">\n                        <\/a><\/div><\/div><div class=\"sc_icons_item\"><div class=\"sc_icons_icon sc_icon_type_ icon-envelope-2\" ><span class=\"sc_icon_type_ icon-envelope-2\"><\/span><\/div><div class=\"sc_icons_item_details\"><div class=\"sc_icons_item_description\"><span><a href=\"mailto:eastforestinfo@gmail.com\">eastforestinfo@gmail.com<\/a><\/span><\/div><\/div><\/div><\/div><!-- \/.sc_icons -->\t\t\t\t<\/div>\n\t\t\t\t<\/div>\n\t\t\t\t\t<\/div>\n\t\t<\/div>\n\t\t\t\t<div class=\"elementor-column elementor-col-50 elementor-inner-column elementor-element elementor-element-765cf92e sc_content_align_inherit sc_layouts_column_icons_position_left sc_fly_static\" data-id=\"765cf92e\" data-element_type=\"column\" data-e-type=\"column\">\n\t\t\t<div class=\"elementor-widget-wrap elementor-element-populated\">\n\t\t\t\t\t\t<div class=\"elementor-element elementor-element-68e6e85a sc_fly_static elementor-widget elementor-widget-spacer\" data-id=\"68e6e85a\" data-element_type=\"widget\" data-e-type=\"widget\" data-widget_type=\"spacer.default\">\n\t\t\t\t<div class=\"elementor-widget-container\">\n\t\t\t\t\t\t\t<div class=\"elementor-spacer\">\n\t\t\t<div class=\"elementor-spacer-inner\"><\/div>\n\t\t<\/div>\n\t\t\t\t\t\t<\/div>\n\t\t\t\t<\/div>\n\t\t\t\t<div class=\"elementor-element elementor-element-311cc402 sc_fly_static elementor-widget elementor-widget-trx_sc_contact_form_7\" data-id=\"311cc402\" data-element_type=\"widget\" data-e-type=\"widget\" data-widget_type=\"trx_sc_contact_form_7.default\">\n\t\t\t\t<div class=\"elementor-widget-container\">\n\t\t\t\t\t\n<div class=\"wpcf7 no-js\" id=\"wpcf7-f35359-o1\" lang=\"en-US\" dir=\"ltr\" data-wpcf7-id=\"35359\">\n<div class=\"screen-reader-response\"><p role=\"status\" aria-live=\"polite\" aria-atomic=\"true\"><\/p> <ul><\/ul><\/div>\n<form action=\"\/en\/wp-json\/wp\/v2\/pages\/35375#wpcf7-f35359-o1\" method=\"post\" class=\"wpcf7-form init\" aria-label=\"Contact form\" novalidate=\"novalidate\" data-status=\"init\">\n<fieldset class=\"hidden-fields-container\"><input type=\"hidden\" name=\"_wpcf7\" value=\"35359\" \/><input type=\"hidden\" name=\"_wpcf7_version\" value=\"6.1.5\" \/><input type=\"hidden\" name=\"_wpcf7_locale\" value=\"en_US\" \/><input type=\"hidden\" name=\"_wpcf7_unit_tag\" value=\"wpcf7-f35359-o1\" \/><input type=\"hidden\" name=\"_wpcf7_container_post\" value=\"0\" \/><input type=\"hidden\" name=\"_wpcf7_posted_data_hash\" value=\"\" \/>\n<\/fieldset>\n<div class=\"form-style-3\">\n\t<div class=\"columns_wrap\">\n\t\t<div class=\"column-1_2\">\n\t\t\t<p><span class=\"style-line icon-name\"><span class=\"wpcf7-form-control-wrap\" data-name=\"your-name\"><input size=\"40\" maxlength=\"400\" class=\"wpcf7-form-control wpcf7-text wpcf7-validates-as-required\" aria-required=\"true\" aria-invalid=\"false\" placeholder=\"Name\" value=\"\" type=\"text\" name=\"your-name\" \/><\/span><\/span>\n\t\t\t<\/p>\n\t\t<\/div>\n\t\t<div class=\"column-1_2\">\n\t\t\t<p><span class=\"style-line icon-email\"><span class=\"wpcf7-form-control-wrap\" data-name=\"your-email\"><input size=\"40\" maxlength=\"400\" class=\"wpcf7-form-control wpcf7-email wpcf7-validates-as-required wpcf7-text wpcf7-validates-as-email\" aria-required=\"true\" aria-invalid=\"false\" placeholder=\"Email\" value=\"\" type=\"email\" name=\"your-email\" \/><\/span><\/span>\n\t\t\t<\/p>\n\t\t<\/div>\n\t<\/div>\n\t<div class=\"columns_wrap\">\n\t\t<div class=\"column-1_2\">\n\t\t\t<p><span class=\"style-line icon-phone\"><span class=\"wpcf7-form-control-wrap\" data-name=\"phone\"><input size=\"40\" maxlength=\"400\" class=\"wpcf7-form-control wpcf7-tel wpcf7-text wpcf7-validates-as-tel\" aria-invalid=\"false\" placeholder=\"Telephone\" value=\"\" type=\"tel\" name=\"phone\" \/><\/span><\/span>\n\t\t\t<\/p>\n\t\t<\/div>\n\t\t<div class=\"column-1_2\">\n\t\t\t<p><span class=\"style-line icon-subject\"><span class=\"wpcf7-form-control-wrap\" data-name=\"kinnistu-nimi\"><input size=\"40\" maxlength=\"400\" class=\"wpcf7-form-control wpcf7-text\" aria-invalid=\"false\" placeholder=\"Name of registered immovable (property unit)\" value=\"\" type=\"text\" name=\"kinnistu-nimi\" \/><\/span><\/span>\n\t\t\t<\/p>\n\t\t<\/div>\n\t<\/div>\n\t<div class=\"columns_wrap\">\n\t\t<div class=\"column-1_2\">\n\t\t\t<p><span class=\"style-line icon-subject\"><span class=\"wpcf7-form-control-wrap\" data-name=\"katastrinumber\"><input size=\"40\" maxlength=\"400\" class=\"wpcf7-form-control wpcf7-text\" aria-invalid=\"false\" placeholder=\"Cadastral number\" value=\"\" type=\"text\" name=\"katastrinumber\" \/><\/span><\/span>\n\t\t\t<\/p>\n\t\t<\/div>\n\t\t<div class=\"column-1_2\">\n\t\t\t<p><span class=\"style-line icon-subject\"><span class=\"wpcf7-form-control-wrap\" data-name=\"hinnasoov\"><input size=\"40\" maxlength=\"400\" class=\"wpcf7-form-control wpcf7-text\" aria-invalid=\"false\" placeholder=\"Asking price\" value=\"\" type=\"text\" name=\"hinnasoov\" \/><\/span><\/span>\n\t\t\t<\/p>\n\t\t<\/div>\n\t<\/div>\n\t<div class=\"columns_wrap\">\n\t\t<div class=\"column-1_2\">\n\t\t\t<p><span class=\"style-line icon-subject\"><span class=\"wpcf7-form-control-wrap\" data-name=\"Maakond\"><select class=\"wpcf7-form-control wpcf7-select\" aria-invalid=\"false\" name=\"Maakond\"><option value=\"Harjumaa\">Harjumaa<\/option><option value=\"Hiiumaa\">Hiiumaa<\/option><option value=\"Ida-Virumaa\">Ida-Virumaa<\/option><option value=\"J\u00e4rvamaa\">J\u00e4rvamaa<\/option><option value=\"J\u00f5gevamaa\">J\u00f5gevamaa<\/option><option value=\"L\u00e4\u00e4nemaa\">L\u00e4\u00e4nemaa<\/option><option value=\"L\u00e4\u00e4ne-Virumaa\">L\u00e4\u00e4ne-Virumaa<\/option><option value=\"P\u00e4rnumaa\">P\u00e4rnumaa<\/option><option value=\"P\u00f5lvamaa\">P\u00f5lvamaa<\/option><option value=\"Raplamaa\">Raplamaa<\/option><option value=\"Saaremaa\">Saaremaa<\/option><option value=\"Tartumaa\">Tartumaa<\/option><option value=\"Valgamaa\">Valgamaa<\/option><option value=\"Viljandimaa\">Viljandimaa<\/option><option value=\"V\u00f5rumaa\">V\u00f5rumaa<\/option><\/select><\/span><\/span>\n\t\t\t<\/p>\n\t\t<\/div>\n\t\t<div class=\"column-1_2\">\n\t\t\t<p><span class=\"style-line icon-subject\"><span class=\"wpcf7-form-control-wrap\" data-name=\"Teema\"><select class=\"wpcf7-form-control wpcf7-select\" aria-invalid=\"false\" name=\"Teema\"><option value=\"Logging right\">Logging right<\/option><option value=\"Offer for the registered immovable\">Offer for the registered immovable<\/option><\/select><\/span><\/span>\n\t\t\t<\/p>\n\t\t<\/div>\n\t<\/div>\n\t<div class=\"columns_wrap margin-bottom\">\n\t\t<div class=\"column-1_1\">\n\t\t\t<p><span class=\"style-line icon-textarea\"><span class=\"wpcf7-form-control-wrap\" data-name=\"your-message\"><textarea cols=\"40\" rows=\"10\" maxlength=\"2000\" class=\"wpcf7-form-control wpcf7-textarea wpcf7-validates-as-required\" aria-required=\"true\" aria-invalid=\"false\" placeholder=\"Brief description of property\" name=\"your-message\"><\/textarea><\/span><\/span>\n\t\t\t<\/p>\n\t\t<\/div>\n\t<\/div>\n\t<p><input class=\"wpcf7-form-control wpcf7-submit has-spinner\" type=\"submit\" value=\"Request a quote\" \/><span class=\"wpcf7-form-control-wrap\" data-name=\"acceptance\"><span class=\"wpcf7-form-control wpcf7-acceptance\"><span class=\"wpcf7-list-item\"><label><input type=\"checkbox\" name=\"acceptance\" value=\"1\" aria-invalid=\"false\" \/><span class=\"wpcf7-list-item-label\">I agree that my data will be collected and stored.<\/a>.<\/span><\/label><\/span><\/span><\/span>\n\t<\/p>\n<\/div><div class=\"wpcf7-response-output\" aria-hidden=\"true\"><\/div>\n<\/form>\n<\/div>\n\t\t\t\t<\/div>\n\t\t\t\t<\/div>\n\t\t\t\t\t<\/div>\n\t\t<\/div>\n\t\t\t\t\t<\/div>\n\t\t<\/section>\n\t\t\t\t<div class=\"elementor-element elementor-element-46b490e sc_height_huge sc_fly_static elementor-widget elementor-widget-spacer\" data-id=\"46b490e\" data-element_type=\"widget\" data-e-type=\"widget\" data-widget_type=\"spacer.default\">\n\t\t\t\t<div class=\"elementor-widget-container\">\n\t\t\t\t\t\t\t<div class=\"elementor-spacer\">\n\t\t\t<div class=\"elementor-spacer-inner\"><\/div>\n\t\t<\/div>\n\t\t\t\t\t\t<\/div>\n\t\t\t\t<\/div>\n\t\t\t\t\t<\/div>\n\t\t<\/div>\n\t\t\t\t\t<\/div>\n\t\t<\/section>\n\t\t\t\t<section class=\"elementor-section elementor-top-section elementor-element elementor-element-c52800a elementor-section-full_width elementor-section-height-default elementor-section-height-default sc_fly_static\" data-id=\"c52800a\" data-element_type=\"section\" data-e-type=\"section\" data-settings=\"{&quot;background_background&quot;:&quot;classic&quot;}\">\n\t\t\t\t\t\t<div class=\"elementor-container elementor-column-gap-no\">\n\t\t\t\t\t<div class=\"elementor-column elementor-col-100 elementor-top-column elementor-element elementor-element-9707df0 sc_content_align_inherit sc_layouts_column_icons_position_left sc_fly_static\" data-id=\"9707df0\" data-element_type=\"column\" data-e-type=\"column\">\n\t\t\t<div class=\"elementor-widget-wrap elementor-element-populated\">\n\t\t\t\t\t\t<div class=\"elementor-element elementor-element-72d6804 sc_fly_static elementor-widget elementor-widget-trx_sc_googlemap\" data-id=\"72d6804\" data-element_type=\"widget\" data-e-type=\"widget\" data-widget_type=\"trx_sc_googlemap.default\">\n\t\t\t\t<div class=\"elementor-widget-container\">\n\t\t\t\t\t<div id=\"sc_googlemap_346388472_wrap\" class=\"sc_googlemap_wrap\"><div id=\"sc_googlemap_346388472\"\t\t\tclass=\"sc_item_content sc_map sc_googlemap sc_googlemap_default trx_addons_inline_2140989515\"\n\t\t\t \t\t\tdata-zoom=\"14\"\n\t\t\tdata-center=\"\"\n\t\t\tdata-style=\"extra\"\n\t\t\tdata-map-id=\"\"\n\t\t\tdata-cluster-icon=\"\"\n\t\t\t><iframe\n\t\t\t\t\t\tsrc=\"https:\/\/maps.google.com\/maps?t=m&output=embed&iwloc=near&z=14&q=Eastforest+O%C3%9C\"\n\t\t\t\t\t\taria-label=\"\"><\/iframe><\/div><\/div>\t\t\t\t<\/div>\n\t\t\t\t<\/div>\n\t\t\t\t\t<\/div>\n\t\t<\/div>\n\t\t\t\t\t<\/div>\n\t\t<\/section>\n\t\t\t\t<\/div>\n\t\t","protected":false},"excerpt":{"rendered":"<p>Contact us Write to us! Remondi, M\u00e4etaguse alevik, Alutaguse vald, Ida-Viru maakond 41301 +372 51 128 13 eastforestinfo@gmail.com HarjumaaHiiumaaIda-VirumaaJ\u00e4rvamaaJ\u00f5gevamaaL\u00e4\u00e4nemaaL\u00e4\u00e4ne-VirumaaP\u00e4rnumaaP\u00f5lvamaaRaplamaaSaaremaaTartumaaValgamaaViljandimaaV\u00f5rumaa Raie \u00f5igusKinnistu pakkumine Ma n\u00f5ustun, et minu andmeid kogutakse ja s\u00e4ilitatakse..<\/p>\n","protected":false},"author":1,"featured_media":0,"parent":0,"menu_order":0,"comment_status":"closed","ping_status":"closed","template":"","meta":{"footnotes":""},"class_list":["post-35375","page","type-page","status-publish","hentry"],"yoast_head":"<!-- This site is optimized with the Yoast SEO plugin v27.1.1 - https:\/\/yoast.com\/product\/yoast-seo-wordpress\/ -->\n<title>Contact - Eastforest<\/title>\n<meta name=\"robots\" content=\"index, follow, max-snippet:-1, max-image-preview:large, max-video-preview:-1\" \/>\n<link rel=\"canonical\" href=\"https:\/\/eastforest.ee\/en\/contact\/\" \/>\n<meta property=\"og:locale\" content=\"en_US\" \/>\n<meta property=\"og:type\" content=\"article\" \/>\n<meta property=\"og:title\" content=\"Contact - Eastforest\" \/>\n<meta property=\"og:description\" content=\"Contact us Write to us! Remondi, M\u00e4etaguse alevik, Alutaguse vald, Ida-Viru maakond 41301 +372 51 128 13 eastforestinfo@gmail.com HarjumaaHiiumaaIda-VirumaaJ\u00e4rvamaaJ\u00f5gevamaaL\u00e4\u00e4nemaaL\u00e4\u00e4ne-VirumaaP\u00e4rnumaaP\u00f5lvamaaRaplamaaSaaremaaTartumaaValgamaaViljandimaaV\u00f5rumaa Raie \u00f5igusKinnistu pakkumine Ma n\u00f5ustun, et minu andmeid kogutakse ja s\u00e4ilitatakse..\" \/>\n<meta property=\"og:url\" content=\"https:\/\/eastforest.ee\/en\/contact\/\" \/>\n<meta property=\"og:site_name\" content=\"Eastforest\" \/>\n<meta property=\"article:modified_time\" content=\"2026-03-09T17:40:28+00:00\" \/>\n<meta name=\"twitter:card\" content=\"summary_large_image\" \/>\n<meta name=\"twitter:label1\" content=\"Est. reading time\" \/>\n\t<meta name=\"twitter:data1\" content=\"1 minute\" \/>\n<script type=\"application\/ld+json\" class=\"yoast-schema-graph\">{\"@context\":\"https:\/\/schema.org\",\"@graph\":[{\"@type\":\"WebPage\",\"@id\":\"https:\/\/eastforest.ee\/en\/contact\/\",\"url\":\"https:\/\/eastforest.ee\/en\/contact\/\",\"name\":\"Contact - Eastforest\",\"isPartOf\":{\"@id\":\"https:\/\/eastforest.ee\/#website\"},\"datePublished\":\"2023-03-07T12:15:47+00:00\",\"dateModified\":\"2026-03-09T17:40:28+00:00\",\"breadcrumb\":{\"@id\":\"https:\/\/eastforest.ee\/en\/contact\/#breadcrumb\"},\"inLanguage\":\"en-US\",\"potentialAction\":[{\"@type\":\"ReadAction\",\"target\":[\"https:\/\/eastforest.ee\/en\/contact\/\"]}]},{\"@type\":\"BreadcrumbList\",\"@id\":\"https:\/\/eastforest.ee\/en\/contact\/#breadcrumb\",\"itemListElement\":[{\"@type\":\"ListItem\",\"position\":1,\"name\":\"Home\",\"item\":\"https:\/\/eastforest.ee\/\"},{\"@type\":\"ListItem\",\"position\":2,\"name\":\"Contact\"}]},{\"@type\":\"WebSite\",\"@id\":\"https:\/\/eastforest.ee\/#website\",\"url\":\"https:\/\/eastforest.ee\/\",\"name\":\"Eastforest\",\"description\":\"Metsa ost-m\u00fc\u00fck Ida-Virumaal\",\"publisher\":{\"@id\":\"https:\/\/eastforest.ee\/#organization\"},\"potentialAction\":[{\"@type\":\"SearchAction\",\"target\":{\"@type\":\"EntryPoint\",\"urlTemplate\":\"https:\/\/eastforest.ee\/?s={search_term_string}\"},\"query-input\":{\"@type\":\"PropertyValueSpecification\",\"valueRequired\":true,\"valueName\":\"search_term_string\"}}],\"inLanguage\":\"en-US\"},{\"@type\":\"Organization\",\"@id\":\"https:\/\/eastforest.ee\/#organization\",\"name\":\"Eastforest\",\"url\":\"https:\/\/eastforest.ee\/\",\"logo\":{\"@type\":\"ImageObject\",\"inLanguage\":\"en-US\",\"@id\":\"https:\/\/eastforest.ee\/#\/schema\/logo\/image\/\",\"url\":\"https:\/\/eastforest.ee\/wp-content\/uploads\/2025\/04\/eastforest_keskmine.png\",\"contentUrl\":\"https:\/\/eastforest.ee\/wp-content\/uploads\/2025\/04\/eastforest_keskmine.png\",\"width\":1090,\"height\":300,\"caption\":\"Eastforest\"},\"image\":{\"@id\":\"https:\/\/eastforest.ee\/#\/schema\/logo\/image\/\"}}]}<\/script>\n<!-- \/ Yoast SEO plugin. -->","yoast_head_json":{"title":"Contact - Eastforest","robots":{"index":"index","follow":"follow","max-snippet":"max-snippet:-1","max-image-preview":"max-image-preview:large","max-video-preview":"max-video-preview:-1"},"canonical":"https:\/\/eastforest.ee\/en\/contact\/","og_locale":"en_US","og_type":"article","og_title":"Contact - Eastforest","og_description":"Contact us Write to us! Remondi, M\u00e4etaguse alevik, Alutaguse vald, Ida-Viru maakond 41301 +372 51 128 13 eastforestinfo@gmail.com HarjumaaHiiumaaIda-VirumaaJ\u00e4rvamaaJ\u00f5gevamaaL\u00e4\u00e4nemaaL\u00e4\u00e4ne-VirumaaP\u00e4rnumaaP\u00f5lvamaaRaplamaaSaaremaaTartumaaValgamaaViljandimaaV\u00f5rumaa Raie \u00f5igusKinnistu pakkumine Ma n\u00f5ustun, et minu andmeid kogutakse ja s\u00e4ilitatakse..","og_url":"https:\/\/eastforest.ee\/en\/contact\/","og_site_name":"Eastforest","article_modified_time":"2026-03-09T17:40:28+00:00","twitter_card":"summary_large_image","twitter_misc":{"Est. reading time":"1 minute"},"schema":{"@context":"https:\/\/schema.org","@graph":[{"@type":"WebPage","@id":"https:\/\/eastforest.ee\/en\/contact\/","url":"https:\/\/eastforest.ee\/en\/contact\/","name":"Contact - Eastforest","isPartOf":{"@id":"https:\/\/eastforest.ee\/#website"},"datePublished":"2023-03-07T12:15:47+00:00","dateModified":"2026-03-09T17:40:28+00:00","breadcrumb":{"@id":"https:\/\/eastforest.ee\/en\/contact\/#breadcrumb"},"inLanguage":"en-US","potentialAction":[{"@type":"ReadAction","target":["https:\/\/eastforest.ee\/en\/contact\/"]}]},{"@type":"BreadcrumbList","@id":"https:\/\/eastforest.ee\/en\/contact\/#breadcrumb","itemListElement":[{"@type":"ListItem","position":1,"name":"Home","item":"https:\/\/eastforest.ee\/"},{"@type":"ListItem","position":2,"name":"Contact"}]},{"@type":"WebSite","@id":"https:\/\/eastforest.ee\/#website","url":"https:\/\/eastforest.ee\/","name":"Eastforest","description":"Metsa ost-m\u00fc\u00fck Ida-Virumaal","publisher":{"@id":"https:\/\/eastforest.ee\/#organization"},"potentialAction":[{"@type":"SearchAction","target":{"@type":"EntryPoint","urlTemplate":"https:\/\/eastforest.ee\/?s={search_term_string}"},"query-input":{"@type":"PropertyValueSpecification","valueRequired":true,"valueName":"search_term_string"}}],"inLanguage":"en-US"},{"@type":"Organization","@id":"https:\/\/eastforest.ee\/#organization","name":"Eastforest","url":"https:\/\/eastforest.ee\/","logo":{"@type":"ImageObject","inLanguage":"en-US","@id":"https:\/\/eastforest.ee\/#\/schema\/logo\/image\/","url":"https:\/\/eastforest.ee\/wp-content\/uploads\/2025\/04\/eastforest_keskmine.png","contentUrl":"https:\/\/eastforest.ee\/wp-content\/uploads\/2025\/04\/eastforest_keskmine.png","width":1090,"height":300,"caption":"Eastforest"},"image":{"@id":"https:\/\/eastforest.ee\/#\/schema\/logo\/image\/"}}]}},"_links":{"self":[{"href":"https:\/\/eastforest.ee\/en\/wp-json\/wp\/v2\/pages\/35375","targetHints":{"allow":["GET"]}}],"collection":[{"href":"https:\/\/eastforest.ee\/en\/wp-json\/wp\/v2\/pages"}],"about":[{"href":"https:\/\/eastforest.ee\/en\/wp-json\/wp\/v2\/types\/page"}],"author":[{"embeddable":true,"href":"https:\/\/eastforest.ee\/en\/wp-json\/wp\/v2\/users\/1"}],"replies":[{"embeddable":true,"href":"https:\/\/eastforest.ee\/en\/wp-json\/wp\/v2\/comments?post=35375"}],"version-history":[{"count":11,"href":"https:\/\/eastforest.ee\/en\/wp-json\/wp\/v2\/pages\/35375\/revisions"}],"predecessor-version":[{"id":35471,"href":"https:\/\/eastforest.ee\/en\/wp-json\/wp\/v2\/pages\/35375\/revisions\/35471"}],"wp:attachment":[{"href":"https:\/\/eastforest.ee\/en\/wp-json\/wp\/v2\/media?parent=35375"}],"curies":[{"name":"wp","href":"https:\/\/api.w.org\/{rel}","templated":true}]}}